{"id":10,"date":"2019-09-21T22:40:44","date_gmt":"2019-09-21T20:40:44","guid":{"rendered":"http:\/\/atokarlsson.se\/?page_id=10"},"modified":"2019-10-29T14:05:23","modified_gmt":"2019-10-29T13:05:23","slug":"kontakta-oss","status":"publish","type":"page","link":"https:\/\/atokarlsson.se\/?page_id=10","title":{"rendered":"Boka mig"},"content":{"rendered":"\n<div class=\"wp-block-columns has-2-columns is-layout-flex wp-container-core-columns-is-layout-1 wp-block-columns-is-layout-flex\">\n<div class=\"wp-block-column is-layout-flow wp-block-column-is-layout-flow\">\n<figure class=\"wp-block-image\"><img fetchpriority=\"high\" decoding=\"async\" width=\"1024\" height=\"1024\" src=\"http:\/\/atokarlsson.se\/wp-content\/uploads\/2019\/09\/pressbild1-1024x1024.jpg\" alt=\"\" class=\"wp-image-84\" srcset=\"https:\/\/atokarlsson.se\/wp-content\/uploads\/2019\/09\/pressbild1-1024x1024.jpg 1024w, https:\/\/atokarlsson.se\/wp-content\/uploads\/2019\/09\/pressbild1-150x150.jpg 150w, https:\/\/atokarlsson.se\/wp-content\/uploads\/2019\/09\/pressbild1-300x300.jpg 300w, https:\/\/atokarlsson.se\/wp-content\/uploads\/2019\/09\/pressbild1-768x768.jpg 768w, https:\/\/atokarlsson.se\/wp-content\/uploads\/2019\/09\/pressbild1-640x640.jpg 640w, https:\/\/atokarlsson.se\/wp-content\/uploads\/2019\/09\/pressbild1-180x180.jpg 180w\" sizes=\"(max-width: 1024px) 100vw, 1024px\" \/><\/figure>\n<\/div>\n\n\n\n<div class=\"wp-block-column is-layout-flow wp-block-column-is-layout-flow\">\n<p>Boka Ato till ert f\u00f6retagsevent, kickoff, konferens.<\/p>\n\n\n\n<p>Ato kan bokas som: standupkomiker, konferencier, moderator, programledare, f\u00f6rel\u00e4sare, sk\u00e5despelare, film\/tv-medverkan, radioprogramledare, musikal\/teater.<\/p>\n\n\n\n<p>Ato Karlsson l\u00e4mnar ingen ober\u00f6rd<\/p>\n\n\n\n<p><a href=\"mailto:boka@atokarlsson.se\">boka@atokarlsson.se<\/a><\/p>\n<\/div>\n<\/div>\n\n\n\n<p><\/p>\n","protected":false},"excerpt":{"rendered":"<p>Boka Ato till ert f\u00f6retagsevent, kickoff, konferens. Ato kan bokas som: standupkomiker, konferencier, moderator, programledare, f\u00f6rel\u00e4sare, sk\u00e5despelare, film\/tv-medverkan, radioprogramledare, musikal\/teater. Ato Karlsson l\u00e4mnar ingen ober\u00f6rd boka@atokarlsson.se<\/p>\n","protected":false},"author":1,"featured_media":0,"parent":0,"menu_order":0,"comment_status":"closed","ping_status":"closed","template":"","meta":{"_acf_changed":false,"footnotes":""},"acf":[],"_links":{"self":[{"href":"https:\/\/atokarlsson.se\/index.php?rest_route=\/wp\/v2\/pages\/10"}],"collection":[{"href":"https:\/\/atokarlsson.se\/index.php?rest_route=\/wp\/v2\/pages"}],"about":[{"href":"https:\/\/atokarlsson.se\/index.php?rest_route=\/wp\/v2\/types\/page"}],"author":[{"embeddable":true,"href":"https:\/\/atokarlsson.se\/index.php?rest_route=\/wp\/v2\/users\/1"}],"replies":[{"embeddable":true,"href":"https:\/\/atokarlsson.se\/index.php?rest_route=%2Fwp%2Fv2%2Fcomments&post=10"}],"version-history":[{"count":16,"href":"https:\/\/atokarlsson.se\/index.php?rest_route=\/wp\/v2\/pages\/10\/revisions"}],"predecessor-version":[{"id":169,"href":"https:\/\/atokarlsson.se\/index.php?rest_route=\/wp\/v2\/pages\/10\/revisions\/169"}],"wp:attachment":[{"href":"https:\/\/atokarlsson.se\/index.php?rest_route=%2Fwp%2Fv2%2Fmedia&parent=10"}],"curies":[{"name":"wp","href":"https:\/\/api.w.org\/{rel}","templated":true}]}}